{"id":117,"date":"2021-11-17T23:09:25","date_gmt":"2021-11-17T23:09:25","guid":{"rendered":"https:\/\/kgw.szymanowek.pl\/?page_id=117"},"modified":"2021-11-18T06:51:08","modified_gmt":"2021-11-18T06:51:08","slug":"my-na-facebooku","status":"publish","type":"page","link":"https:\/\/kgw.szymanowek.pl\/?page_id=117","title":{"rendered":"My na Facebook&#8217;u"},"content":{"rendered":"\n<p><\/p>\n\n\n\n<div id=\"fb-root\"><\/div>\n\n<script async=\"\" defer=\"\" crossorigin=\"anonymous\" src=\"https:\/\/connect.facebook.net\/pl_PL\/sdk.js#xfbml=1&amp;version=v12.0&amp;appId=432279491625363&amp;autoLogAppEvents=1\" nonce=\"4hmcWnue\"><\/script>\n\n<div class=\"fb-page\" data-href=\"https:\/\/www.facebook.com\/Ko&#x142;o-Gospody&#x144;-Wiejskich-w-Szyman&#xf3;wku-346783323030510\/\" data-tabs=\"timeline, messages\" data-width=\"\" data-height=\"\" data-small-header=\"false\" data-adapt-container-width=\"true\" data-hide-cover=\"false\" data-show-facepile=\"true\"><blockquote cite=\"https:\/\/www.facebook.com\/Ko&#x142;o-Gospody&#x144;-Wiejskich-w-Szyman&#xf3;wku-346783323030510\/\" class=\"fb-xfbml-parse-ignore\"><a href=\"https:\/\/www.facebook.com\/Ko&#x142;o-Gospody&#x144;-Wiejskich-w-Szyman&#xf3;wku-346783323030510\/\">Ko\u0142o Gospody\u0144 Wiejskich w Szyman\u00f3wku<\/a><\/blockquote><\/div>\n\n\n\n<p><\/p>\n\n\n\n<p><\/p>\n","protected":false},"excerpt":{"rendered":"<p>Ko\u0142o Gospody\u0144 Wiejskich w Szyman\u00f3wku<\/p>\n","protected":false},"author":1,"featured_media":0,"parent":0,"menu_order":0,"comment_status":"closed","ping_status":"closed","template":"","meta":{"footnotes":""},"class_list":["post-117","page","type-page","status-publish","hentry"],"_links":{"self":[{"href":"https:\/\/kgw.szymanowek.pl\/index.php?rest_route=\/wp\/v2\/pages\/117","targetHints":{"allow":["GET"]}}],"collection":[{"href":"https:\/\/kgw.szymanowek.pl\/index.php?rest_route=\/wp\/v2\/pages"}],"about":[{"href":"https:\/\/kgw.szymanowek.pl\/index.php?rest_route=\/wp\/v2\/types\/page"}],"author":[{"embeddable":true,"href":"https:\/\/kgw.szymanowek.pl\/index.php?rest_route=\/wp\/v2\/users\/1"}],"replies":[{"embeddable":true,"href":"https:\/\/kgw.szymanowek.pl\/index.php?rest_route=%2Fwp%2Fv2%2Fcomments&post=117"}],"version-history":[{"count":4,"href":"https:\/\/kgw.szymanowek.pl\/index.php?rest_route=\/wp\/v2\/pages\/117\/revisions"}],"predecessor-version":[{"id":127,"href":"https:\/\/kgw.szymanowek.pl\/index.php?rest_route=\/wp\/v2\/pages\/117\/revisions\/127"}],"wp:attachment":[{"href":"https:\/\/kgw.szymanowek.pl\/index.php?rest_route=%2Fwp%2Fv2%2Fmedia&parent=117"}],"curies":[{"name":"wp","href":"https:\/\/api.w.org\/{rel}","templated":true}]}}